{"id":4331,"date":"2024-12-10T13:35:08","date_gmt":"2024-12-10T12:35:08","guid":{"rendered":"https:\/\/laguerredelambre.com\/?page_id=4331"},"modified":"2025-01-10T10:14:24","modified_gmt":"2025-01-10T09:14:24","slug":"personnage-aessi","status":"publish","type":"page","link":"https:\/\/laguerredelambre.com\/en\/personnage-aessi\/","title":{"rendered":"Aessi"},"content":{"rendered":"<div data-elementor-type=\"wp-page\" data-elementor-id=\"4331\" class=\"elementor elementor-4331\">\n\t\t\t\t\t\t<section class=\"elementor-section elementor-top-section elementor-element elementor-element-0d0853a elementor-section-boxed elementor-section-height-default elementor-section-height-default\" data-id=\"0d0853a\" data-element_type=\"section\" data-e-type=\"section\" data-settings=\"{&quot;background_background&quot;:&quot;classic&quot;}\">\n\t\t\t\t\t\t<div class=\"elementor-container elementor-column-gap-default\">\n\t\t\t\t\t<div class=\"elementor-column elementor-col-100 elementor-top-column elementor-element elementor-element-fe1d6ce\" data-id=\"fe1d6ce\" data-element_type=\"column\" data-e-type=\"column\">\n\t\t\t<div class=\"elementor-widget-wrap elementor-element-populated\">\n\t\t\t\t\t\t<div class=\"elementor-element elementor-element-19350dc elementor-widget elementor-widget-heading\" data-id=\"19350dc\" data-element_type=\"widget\" data-e-type=\"widget\" data-widget_type=\"heading.default\">\n\t\t\t\t<div class=\"elementor-widget-container\">\n\t\t\t\t\t<h2 class=\"elementor-heading-title elementor-size-default\">AES'SIDHS Characters<\/h2>\t\t\t\t<\/div>\n\t\t\t\t<\/div>\n\t\t\t\t\t<\/div>\n\t\t<\/div>\n\t\t\t\t\t<\/div>\n\t\t<\/section>\n\t\t\t\t<section class=\"elementor-section elementor-top-section elementor-element elementor-element-9931b02 elementor-section-boxed elementor-section-height-default elementor-section-height-default\" data-id=\"9931b02\" data-element_type=\"section\" data-e-type=\"section\" data-settings=\"{&quot;background_background&quot;:&quot;gradient&quot;}\">\n\t\t\t\t\t\t<div class=\"elementor-container elementor-column-gap-default\">\n\t\t\t\t\t<div class=\"elementor-column elementor-col-50 elementor-top-column elementor-element elementor-element-057a586\" data-id=\"057a586\" data-element_type=\"column\" data-e-type=\"column\">\n\t\t\t<div class=\"elementor-widget-wrap elementor-element-populated\">\n\t\t\t\t\t\t<div class=\"elementor-element elementor-element-65b36fb elementor-widget elementor-widget-image\" data-id=\"65b36fb\" data-element_type=\"widget\" data-e-type=\"widget\" data-widget_type=\"image.default\">\n\t\t\t\t<div class=\"elementor-widget-container\">\n\t\t\t\t\t\t\t\t\t\t\t\t\t\t\t\t<a href=\"https:\/\/laguerredelambre.com\/en\/ananke\/\">\n\t\t\t\t\t\t\t<img fetchpriority=\"high\" decoding=\"async\" width=\"1024\" height=\"1024\" src=\"https:\/\/laguerredelambre.com\/wp-content\/uploads\/2024\/12\/image-1.png\" class=\"attachment-full size-full wp-image-4333\" alt=\"Anank\u00e9\" srcset=\"https:\/\/laguerredelambre.com\/wp-content\/uploads\/2024\/12\/image-1.png 1024w, https:\/\/laguerredelambre.com\/wp-content\/uploads\/2024\/12\/image-1-300x300.png 300w, https:\/\/laguerredelambre.com\/wp-content\/uploads\/2024\/12\/image-1-150x150.png 150w, https:\/\/laguerredelambre.com\/wp-content\/uploads\/2024\/12\/image-1-768x768.png 768w, https:\/\/laguerredelambre.com\/wp-content\/uploads\/2024\/12\/image-1-12x12.png 12w, https:\/\/laguerredelambre.com\/wp-content\/uploads\/2024\/12\/image-1-600x600.png 600w, https:\/\/laguerredelambre.com\/wp-content\/uploads\/2024\/12\/image-1-945x945.png 945w\" sizes=\"(max-width: 1024px) 100vw, 1024px\" \/>\t\t\t\t\t\t\t\t<\/a>\n\t\t\t\t\t\t\t\t\t\t\t\t\t\t\t<\/div>\n\t\t\t\t<\/div>\n\t\t\t\t<div class=\"elementor-element elementor-element-f010444 elementor-widget elementor-widget-heading\" data-id=\"f010444\" data-element_type=\"widget\" data-e-type=\"widget\" data-widget_type=\"heading.default\">\n\t\t\t\t<div class=\"elementor-widget-container\">\n\t\t\t\t\t<h2 class=\"elementor-heading-title elementor-size-default\"><a href=\"https:\/\/laguerredelambre.com\/en\/les-castes-aessi-les-devoues\/\">Ananke<\/a><\/h2>\t\t\t\t<\/div>\n\t\t\t\t<\/div>\n\t\t\t\t\t<\/div>\n\t\t<\/div>\n\t\t\t\t<div class=\"elementor-column elementor-col-50 elementor-top-column elementor-element elementor-element-b1c6db9\" data-id=\"b1c6db9\" data-element_type=\"column\" data-e-type=\"column\">\n\t\t\t<div class=\"elementor-widget-wrap elementor-element-populated\">\n\t\t\t\t\t\t<div class=\"elementor-element elementor-element-535fedc elementor-widget elementor-widget-image\" data-id=\"535fedc\" data-element_type=\"widget\" data-e-type=\"widget\" data-widget_type=\"image.default\">\n\t\t\t\t<div class=\"elementor-widget-container\">\n\t\t\t\t\t\t\t\t\t\t\t\t\t\t\t\t<a href=\"https:\/\/laguerredelambre.com\/en\/ichanae\/\">\n\t\t\t\t\t\t\t<img decoding=\"async\" width=\"1024\" height=\"1024\" src=\"https:\/\/laguerredelambre.com\/wp-content\/uploads\/2024\/02\/Ichanae_portait.png\" class=\"attachment-full size-full wp-image-3107\" alt=\"\" srcset=\"https:\/\/laguerredelambre.com\/wp-content\/uploads\/2024\/02\/Ichanae_portait.png 1024w, https:\/\/laguerredelambre.com\/wp-content\/uploads\/2024\/02\/Ichanae_portait-150x150.png 150w, https:\/\/laguerredelambre.com\/wp-content\/uploads\/2024\/02\/Ichanae_portait-300x300.png 300w, https:\/\/laguerredelambre.com\/wp-content\/uploads\/2024\/02\/Ichanae_portait-768x768.png 768w, https:\/\/laguerredelambre.com\/wp-content\/uploads\/2024\/02\/Ichanae_portait-12x12.png 12w, https:\/\/laguerredelambre.com\/wp-content\/uploads\/2024\/02\/Ichanae_portait-600x600.png 600w, https:\/\/laguerredelambre.com\/wp-content\/uploads\/2024\/02\/Ichanae_portait-945x945.png 945w\" sizes=\"(max-width: 1024px) 100vw, 1024px\" \/>\t\t\t\t\t\t\t\t<\/a>\n\t\t\t\t\t\t\t\t\t\t\t\t\t\t\t<\/div>\n\t\t\t\t<\/div>\n\t\t\t\t<div class=\"elementor-element elementor-element-dd69196 elementor-widget elementor-widget-heading\" data-id=\"dd69196\" data-element_type=\"widget\" data-e-type=\"widget\" data-widget_type=\"heading.default\">\n\t\t\t\t<div class=\"elementor-widget-container\">\n\t\t\t\t\t<h2 class=\"elementor-heading-title elementor-size-default\"><a href=\"https:\/\/laguerredelambre.com\/en\/ichanae\/\">Ichanae<\/a><\/h2>\t\t\t\t<\/div>\n\t\t\t\t<\/div>\n\t\t\t\t\t<\/div>\n\t\t<\/div>\n\t\t\t\t\t<\/div>\n\t\t<\/section>\n\t\t\t\t<section class=\"elementor-section elementor-top-section elementor-element elementor-element-c5c99f2 elementor-section-full_width elementor-section-height-default elementor-section-height-default\" data-id=\"c5c99f2\" data-element_type=\"section\" data-e-type=\"section\" data-settings=\"{&quot;background_background&quot;:&quot;classic&quot;}\">\n\t\t\t\t\t\t<div class=\"elementor-container elementor-column-gap-default\">\n\t\t\t\t\t<div class=\"elementor-column elementor-col-33 elementor-top-column elementor-element elementor-element-933cd14\" data-id=\"933cd14\" data-element_type=\"column\" data-e-type=\"column\">\n\t\t\t<div class=\"elementor-widget-wrap elementor-element-populated\">\n\t\t\t\t\t\t<div class=\"elementor-element elementor-element-74d960c elementor-widget elementor-widget-image\" data-id=\"74d960c\" data-element_type=\"widget\" data-e-type=\"widget\" data-widget_type=\"image.default\">\n\t\t\t\t<div class=\"elementor-widget-container\">\n\t\t\t\t\t\t\t\t\t\t\t\t\t\t\t\t<a href=\"https:\/\/laguerredelambre.com\/en\/les-castes-aessi-les-devoues\/\">\n\t\t\t\t\t\t\t<img decoding=\"async\" width=\"1280\" height=\"720\" src=\"https:\/\/laguerredelambre.com\/wp-content\/uploads\/2023\/10\/Temple_Devoues-2.png\" class=\"attachment-full size-full wp-image-2883\" alt=\"\" srcset=\"https:\/\/laguerredelambre.com\/wp-content\/uploads\/2023\/10\/Temple_Devoues-2.png 1280w, https:\/\/laguerredelambre.com\/wp-content\/uploads\/2023\/10\/Temple_Devoues-2-300x169.png 300w, https:\/\/laguerredelambre.com\/wp-content\/uploads\/2023\/10\/Temple_Devoues-2-768x432.png 768w, https:\/\/laguerredelambre.com\/wp-content\/uploads\/2023\/10\/Temple_Devoues-2-1024x576.png 1024w, https:\/\/laguerredelambre.com\/wp-content\/uploads\/2023\/10\/Temple_Devoues-2-18x10.png 18w, https:\/\/laguerredelambre.com\/wp-content\/uploads\/2023\/10\/Temple_Devoues-2-600x338.png 600w, https:\/\/laguerredelambre.com\/wp-content\/uploads\/2023\/10\/Temple_Devoues-2-945x532.png 945w\" sizes=\"(max-width: 1280px) 100vw, 1280px\" \/>\t\t\t\t\t\t\t\t<\/a>\n\t\t\t\t\t\t\t\t\t\t\t\t\t\t\t<\/div>\n\t\t\t\t<\/div>\n\t\t\t\t<div class=\"elementor-element elementor-element-dbc8d0b elementor-widget elementor-widget-heading\" data-id=\"dbc8d0b\" data-element_type=\"widget\" data-e-type=\"widget\" data-widget_type=\"heading.default\">\n\t\t\t\t<div class=\"elementor-widget-container\">\n\t\t\t\t\t<h2 class=\"elementor-heading-title elementor-size-default\"><a href=\"https:\/\/laguerredelambre.com\/en\/les-castes-aessi-les-devoues\/\">The Devoted<\/a><\/h2>\t\t\t\t<\/div>\n\t\t\t\t<\/div>\n\t\t\t\t\t<\/div>\n\t\t<\/div>\n\t\t\t\t<div class=\"elementor-column elementor-col-33 elementor-top-column elementor-element elementor-element-cc01991\" data-id=\"cc01991\" data-element_type=\"column\" data-e-type=\"column\">\n\t\t\t<div class=\"elementor-widget-wrap elementor-element-populated\">\n\t\t\t\t\t\t<div class=\"elementor-element elementor-element-529b634 elementor-widget elementor-widget-image\" data-id=\"529b634\" data-element_type=\"widget\" data-e-type=\"widget\" data-widget_type=\"image.default\">\n\t\t\t\t<div class=\"elementor-widget-container\">\n\t\t\t\t\t\t\t\t\t\t\t\t\t\t\t\t<a href=\"https:\/\/laguerredelambre.com\/en\/castes-aessi-limperium\/\">\n\t\t\t\t\t\t\t<img loading=\"lazy\" decoding=\"async\" width=\"1280\" height=\"720\" src=\"https:\/\/laguerredelambre.com\/wp-content\/uploads\/2023\/11\/Olethros.png\" class=\"attachment-full size-full wp-image-2957\" alt=\"\" srcset=\"https:\/\/laguerredelambre.com\/wp-content\/uploads\/2023\/11\/Olethros.png 1280w, https:\/\/laguerredelambre.com\/wp-content\/uploads\/2023\/11\/Olethros-300x169.png 300w, https:\/\/laguerredelambre.com\/wp-content\/uploads\/2023\/11\/Olethros-768x432.png 768w, https:\/\/laguerredelambre.com\/wp-content\/uploads\/2023\/11\/Olethros-1024x576.png 1024w, https:\/\/laguerredelambre.com\/wp-content\/uploads\/2023\/11\/Olethros-18x10.png 18w, https:\/\/laguerredelambre.com\/wp-content\/uploads\/2023\/11\/Olethros-600x338.png 600w, https:\/\/laguerredelambre.com\/wp-content\/uploads\/2023\/11\/Olethros-945x532.png 945w\" sizes=\"(max-width: 1280px) 100vw, 1280px\" \/>\t\t\t\t\t\t\t\t<\/a>\n\t\t\t\t\t\t\t\t\t\t\t\t\t\t\t<\/div>\n\t\t\t\t<\/div>\n\t\t\t\t<div class=\"elementor-element elementor-element-6e0908f elementor-widget elementor-widget-heading\" data-id=\"6e0908f\" data-element_type=\"widget\" data-e-type=\"widget\" data-widget_type=\"heading.default\">\n\t\t\t\t<div class=\"elementor-widget-container\">\n\t\t\t\t\t<h2 class=\"elementor-heading-title elementor-size-default\">Imperium<\/h2>\t\t\t\t<\/div>\n\t\t\t\t<\/div>\n\t\t\t\t\t<\/div>\n\t\t<\/div>\n\t\t\t\t<div class=\"elementor-column elementor-col-33 elementor-top-column elementor-element elementor-element-1c225c5\" data-id=\"1c225c5\" data-element_type=\"column\" data-e-type=\"column\">\n\t\t\t<div class=\"elementor-widget-wrap elementor-element-populated\">\n\t\t\t\t\t\t<div class=\"elementor-element elementor-element-abf87be elementor-widget elementor-widget-image\" data-id=\"abf87be\" data-element_type=\"widget\" data-e-type=\"widget\" data-widget_type=\"image.default\">\n\t\t\t\t<div class=\"elementor-widget-container\">\n\t\t\t\t\t\t\t\t\t\t\t\t\t\t\t\t<a href=\"https:\/\/laguerredelambre.com\/en\/castes-aessi-les-veilleurs\/\">\n\t\t\t\t\t\t\t<img loading=\"lazy\" decoding=\"async\" width=\"1280\" height=\"720\" src=\"https:\/\/laguerredelambre.com\/wp-content\/uploads\/2024\/03\/Asterion3.png\" class=\"attachment-full size-full wp-image-3118\" alt=\"\" srcset=\"https:\/\/laguerredelambre.com\/wp-content\/uploads\/2024\/03\/Asterion3.png 1280w, https:\/\/laguerredelambre.com\/wp-content\/uploads\/2024\/03\/Asterion3-300x169.png 300w, https:\/\/laguerredelambre.com\/wp-content\/uploads\/2024\/03\/Asterion3-768x432.png 768w, https:\/\/laguerredelambre.com\/wp-content\/uploads\/2024\/03\/Asterion3-1024x576.png 1024w, https:\/\/laguerredelambre.com\/wp-content\/uploads\/2024\/03\/Asterion3-18x10.png 18w, https:\/\/laguerredelambre.com\/wp-content\/uploads\/2024\/03\/Asterion3-600x338.png 600w, https:\/\/laguerredelambre.com\/wp-content\/uploads\/2024\/03\/Asterion3-945x532.png 945w\" sizes=\"(max-width: 1280px) 100vw, 1280px\" \/>\t\t\t\t\t\t\t\t<\/a>\n\t\t\t\t\t\t\t\t\t\t\t\t\t\t\t<\/div>\n\t\t\t\t<\/div>\n\t\t\t\t<div class=\"elementor-element elementor-element-1c01f83 elementor-widget elementor-widget-heading\" data-id=\"1c01f83\" data-element_type=\"widget\" data-e-type=\"widget\" data-widget_type=\"heading.default\">\n\t\t\t\t<div class=\"elementor-widget-container\">\n\t\t\t\t\t<h2 class=\"elementor-heading-title elementor-size-default\"><a href=\"https:\/\/laguerredelambre.com\/en\/castes-aessi-les-veilleurs\/\"> The Watchers<\/a><\/h2>\t\t\t\t<\/div>\n\t\t\t\t<\/div>\n\t\t\t\t\t<\/div>\n\t\t<\/div>\n\t\t\t\t\t<\/div>\n\t\t<\/section>\n\t\t\t\t<\/div>","protected":false},"excerpt":{"rendered":"<p>LES AES&rsquo;SIDHS Anank\u00e9 Ichana\u00e9 Les D\u00e9vou\u00e9s L&rsquo;imp\u00e9rium Les Veilleurs<\/p>","protected":false},"author":10,"featured_media":0,"parent":0,"menu_order":0,"comment_status":"closed","ping_status":"closed","template":"elementor_header_footer","meta":{"_monsterinsights_skip_tracking":false,"_monsterinsights_sitenote_active":false,"_monsterinsights_sitenote_note":"","_monsterinsights_sitenote_category":0,"_uf_show_specific_survey":0,"_uf_disable_surveys":false,"_themeisle_gutenberg_block_has_review":false,"footnotes":""},"class_list":["post-4331","page","type-page","status-publish","hentry"],"aioseo_notices":[],"_links":{"self":[{"href":"https:\/\/laguerredelambre.com\/en\/wp-json\/wp\/v2\/pages\/4331","targetHints":{"allow":["GET"]}}],"collection":[{"href":"https:\/\/laguerredelambre.com\/en\/wp-json\/wp\/v2\/pages"}],"about":[{"href":"https:\/\/laguerredelambre.com\/en\/wp-json\/wp\/v2\/types\/page"}],"author":[{"embeddable":true,"href":"https:\/\/laguerredelambre.com\/en\/wp-json\/wp\/v2\/users\/10"}],"replies":[{"embeddable":true,"href":"https:\/\/laguerredelambre.com\/en\/wp-json\/wp\/v2\/comments?post=4331"}],"version-history":[{"count":29,"href":"https:\/\/laguerredelambre.com\/en\/wp-json\/wp\/v2\/pages\/4331\/revisions"}],"predecessor-version":[{"id":5063,"href":"https:\/\/laguerredelambre.com\/en\/wp-json\/wp\/v2\/pages\/4331\/revisions\/5063"}],"wp:attachment":[{"href":"https:\/\/laguerredelambre.com\/en\/wp-json\/wp\/v2\/media?parent=4331"}],"curies":[{"name":"wp","href":"https:\/\/api.w.org\/{rel}","templated":true}]}}