{"id":3369,"date":"2024-11-26T14:12:43","date_gmt":"2024-11-26T13:12:43","guid":{"rendered":"https:\/\/laguerredelambre.com\/?page_id=3369"},"modified":"2025-01-06T10:07:45","modified_gmt":"2025-01-06T09:07:45","slug":"alex-hyphens","status":"publish","type":"page","link":"https:\/\/laguerredelambre.com\/en\/alex-hyphens\/","title":{"rendered":"Alex Hyphens"},"content":{"rendered":"<div data-elementor-type=\"wp-page\" data-elementor-id=\"3369\" class=\"elementor elementor-3369\">\n\t\t\t\t\t\t<section class=\"elementor-section elementor-top-section elementor-element elementor-element-c549549 elementor-section-full_width elementor-section-height-min-height elementor-section-height-default elementor-section-items-middle\" data-id=\"c549549\" data-element_type=\"section\" data-e-type=\"section\">\n\t\t\t\t\t\t<div class=\"elementor-container elementor-column-gap-default\">\n\t\t\t\t\t<div class=\"elementor-column elementor-col-50 elementor-top-column elementor-element elementor-element-66d5457\" data-id=\"66d5457\" data-element_type=\"column\" data-e-type=\"column\">\n\t\t\t<div class=\"elementor-widget-wrap elementor-element-populated\">\n\t\t\t\t\t\t<div class=\"elementor-element elementor-element-f259c0a elementor-widget elementor-widget-image\" data-id=\"f259c0a\" data-element_type=\"widget\" data-e-type=\"widget\" data-widget_type=\"image.default\">\n\t\t\t\t<div class=\"elementor-widget-container\">\n\t\t\t\t\t\t\t\t\t\t\t\t\t\t\t\t<a href=\"https:\/\/laguerredelambre.com\/en\/alex-en-coulisses\/\">\n\t\t\t\t\t\t\t<img fetchpriority=\"high\" decoding=\"async\" width=\"1280\" height=\"720\" src=\"https:\/\/laguerredelambre.com\/wp-content\/uploads\/2024\/12\/Duo-2.webp\" class=\"attachment-full size-full wp-image-3535\" alt=\"Opposition de deux portraits : science-fiction versus fantasy, Cyberpunk versus Arcane\" srcset=\"https:\/\/laguerredelambre.com\/wp-content\/uploads\/2024\/12\/Duo-2.webp 1280w, https:\/\/laguerredelambre.com\/wp-content\/uploads\/2024\/12\/Duo-2-300x169.webp 300w, https:\/\/laguerredelambre.com\/wp-content\/uploads\/2024\/12\/Duo-2-1024x576.webp 1024w, https:\/\/laguerredelambre.com\/wp-content\/uploads\/2024\/12\/Duo-2-768x432.webp 768w, https:\/\/laguerredelambre.com\/wp-content\/uploads\/2024\/12\/Duo-2-18x10.webp 18w, https:\/\/laguerredelambre.com\/wp-content\/uploads\/2024\/12\/Duo-2-600x338.webp 600w, https:\/\/laguerredelambre.com\/wp-content\/uploads\/2024\/12\/Duo-2-945x532.webp 945w\" sizes=\"(max-width: 1280px) 100vw, 1280px\" \/>\t\t\t\t\t\t\t\t<\/a>\n\t\t\t\t\t\t\t\t\t\t\t\t\t\t\t<\/div>\n\t\t\t\t<\/div>\n\t\t\t\t\t<\/div>\n\t\t<\/div>\n\t\t\t\t<div class=\"elementor-column elementor-col-50 elementor-top-column elementor-element elementor-element-1a3af31\" data-id=\"1a3af31\" data-element_type=\"column\" data-e-type=\"column\">\n\t\t\t<div class=\"elementor-widget-wrap elementor-element-populated\">\n\t\t\t\t\t\t<div class=\"elementor-element elementor-element-35c547b elementor-widget elementor-widget-text-editor\" data-id=\"35c547b\" data-element_type=\"widget\" data-e-type=\"widget\" data-widget_type=\"text-editor.default\">\n\t\t\t\t<div class=\"elementor-widget-container\">\n\t\t\t\t\t\t\t\t\t<p>\u00a0<\/p><p>Since childhood, I'd told stories to make my friends dream, and later the rolists whom I played with. <span style=\"font-family: inherit;\">Drawing inspiration from my reading, contemplative escapades and video games I\u2019ve played, here is \u201cthe Amber War\u201d mixing sci-fi and fantasy.\u00a0<\/span><\/p><p><span style=\"font-family: inherit;\">Here, cyberpunk nanotechnology meets the magic of a people who wants to be close to nature, each civilization having made its choices (for better or worse).<\/span><\/p><p><span style=\"font-family: inherit;\">I wanted to be genuine, rather than choose one or another world, I'd rather united both worlds. I hope that any adult reader who has kept his or her child\u2019s soul will find himself\/herself in this story.<\/span><\/p>\t\t\t\t\t\t\t\t<\/div>\n\t\t\t\t<\/div>\n\t\t\t\t\t<\/div>\n\t\t<\/div>\n\t\t\t\t\t<\/div>\n\t\t<\/section>\n\t\t\t\t<section class=\"elementor-section elementor-top-section elementor-element elementor-element-ec74b7e elementor-section-full_width elementor-section-height-default elementor-section-height-default\" data-id=\"ec74b7e\" data-element_type=\"section\" data-e-type=\"section\">\n\t\t\t\t\t\t<div class=\"elementor-container elementor-column-gap-default\">\n\t\t\t\t\t<div class=\"elementor-column elementor-col-100 elementor-top-column elementor-element elementor-element-69d9995\" data-id=\"69d9995\" data-element_type=\"column\" data-e-type=\"column\">\n\t\t\t<div class=\"elementor-widget-wrap elementor-element-populated\">\n\t\t\t\t\t\t<div class=\"elementor-element elementor-element-b557306 elementor-widget elementor-widget-text-editor\" data-id=\"b557306\" data-element_type=\"widget\" data-e-type=\"widget\" data-widget_type=\"text-editor.default\">\n\t\t\t\t<div class=\"elementor-widget-container\">\n\t\t\t\t\t\t\t\t\t<p style=\"font-weight: 400;\"><strong>One name, one pen name<\/strong><\/p><p style=\"font-weight: 400;\"><em>In duality, like my universe, I chose a mixed name (which is one of my first names) as my pen name to affirm my ambivalence (Alex), and<\/em><em>a name to gather both universes I am writing about (Hyphens has the same meaning in <a style=\"transition-property: all; margin-bottom: 0px;\" href=\"https:\/\/fr.wiktionary.org\/wiki\/hyphen\" target=\"_blank\" rel=\"noopener\">latin<\/a>).\u00a0\u00bb<\/em><\/p>\t\t\t\t\t\t\t\t<\/div>\n\t\t\t\t<\/div>\n\t\t\t\t<div class=\"elementor-element elementor-element-e2aa4b1 elementor-widget elementor-widget-text-editor\" data-id=\"e2aa4b1\" data-element_type=\"widget\" data-e-type=\"widget\" data-widget_type=\"text-editor.default\">\n\t\t\t\t<div class=\"elementor-widget-container\">\n\t\t\t\t\t\t\t\t\t<p style=\"font-weight: 400;\"><span style=\"font-size: 16px;\"><a href=\"https:\/\/laguerredelambre.com\/en\/alex-en-coulisses\/\"><i>Wanna more about me ?<\/i><\/a><\/span><\/p>\t\t\t\t\t\t\t\t<\/div>\n\t\t\t\t<\/div>\n\t\t\t\t\t<\/div>\n\t\t<\/div>\n\t\t\t\t\t<\/div>\n\t\t<\/section>\n\t\t\t\t<section class=\"elementor-section elementor-top-section elementor-element elementor-element-6ffcdfd elementor-section-boxed elementor-section-height-default elementor-section-height-default\" data-id=\"6ffcdfd\" data-element_type=\"section\" data-e-type=\"section\">\n\t\t\t\t\t\t<div class=\"elementor-container elementor-column-gap-default\">\n\t\t\t\t\t<div class=\"elementor-column elementor-col-33 elementor-top-column elementor-element elementor-element-f2ba3d5\" data-id=\"f2ba3d5\" data-element_type=\"column\" data-e-type=\"column\">\n\t\t\t<div class=\"elementor-widget-wrap elementor-element-populated\">\n\t\t\t\t\t\t<div class=\"elementor-element elementor-element-781f8fc elementor-invisible elementor-widget elementor-widget-heading\" data-id=\"781f8fc\" data-element_type=\"widget\" data-e-type=\"widget\" data-settings=\"{&quot;_animation&quot;:&quot;headShake&quot;}\" data-widget_type=\"heading.default\">\n\t\t\t\t<div class=\"elementor-widget-container\">\n\t\t\t\t\t<h4 class=\"elementor-heading-title elementor-size-default\"><a href=\"https:\/\/laguerredelambre.com\/en\/a-partir-dun-grain-de-sable-partie-1\/\">Create from a grain of sand...<\/a><\/h4>\t\t\t\t<\/div>\n\t\t\t\t<\/div>\n\t\t\t\t<div class=\"elementor-element elementor-element-b4fd187 elementor-widget-divider--view-line elementor-widget elementor-widget-divider\" data-id=\"b4fd187\" data-element_type=\"widget\" data-e-type=\"widget\" data-widget_type=\"divider.default\">\n\t\t\t\t<div class=\"elementor-widget-container\">\n\t\t\t\t\t\t\t<div class=\"elementor-divider\">\n\t\t\t<span class=\"elementor-divider-separator\">\n\t\t\t\t\t\t<\/span>\n\t\t<\/div>\n\t\t\t\t\t\t<\/div>\n\t\t\t\t<\/div>\n\t\t\t\t<div class=\"elementor-element elementor-element-cbf4240 elementor-widget elementor-widget-image\" data-id=\"cbf4240\" data-element_type=\"widget\" data-e-type=\"widget\" data-widget_type=\"image.default\">\n\t\t\t\t<div class=\"elementor-widget-container\">\n\t\t\t\t\t\t\t\t\t\t\t\t\t\t\t\t<a href=\"https:\/\/laguerredelambre.com\/en\/a-partir-dun-grain-de-sable-partie-1\/\">\n\t\t\t\t\t\t\t<img decoding=\"async\" width=\"1500\" height=\"998\" src=\"https:\/\/laguerredelambre.com\/wp-content\/uploads\/2023\/05\/grain_de_sable_partie_1.jpg\" class=\"attachment-full size-full wp-image-1887\" alt=\"\u00c0 partir d&#039;un grain de sable - Partie 1\" srcset=\"https:\/\/laguerredelambre.com\/wp-content\/uploads\/2023\/05\/grain_de_sable_partie_1.jpg 1500w, https:\/\/laguerredelambre.com\/wp-content\/uploads\/2023\/05\/grain_de_sable_partie_1-300x200.jpg 300w, https:\/\/laguerredelambre.com\/wp-content\/uploads\/2023\/05\/grain_de_sable_partie_1-768x511.jpg 768w, https:\/\/laguerredelambre.com\/wp-content\/uploads\/2023\/05\/grain_de_sable_partie_1-1024x681.jpg 1024w, https:\/\/laguerredelambre.com\/wp-content\/uploads\/2023\/05\/grain_de_sable_partie_1-18x12.jpg 18w, https:\/\/laguerredelambre.com\/wp-content\/uploads\/2023\/05\/grain_de_sable_partie_1-600x399.jpg 600w, https:\/\/laguerredelambre.com\/wp-content\/uploads\/2023\/05\/grain_de_sable_partie_1-945x629.jpg 945w\" sizes=\"(max-width: 1500px) 100vw, 1500px\" \/>\t\t\t\t\t\t\t\t<\/a>\n\t\t\t\t\t\t\t\t\t\t\t\t\t\t\t<\/div>\n\t\t\t\t<\/div>\n\t\t\t\t\t<\/div>\n\t\t<\/div>\n\t\t\t\t<div class=\"elementor-column elementor-col-33 elementor-top-column elementor-element elementor-element-638e0c3\" data-id=\"638e0c3\" data-element_type=\"column\" data-e-type=\"column\">\n\t\t\t<div class=\"elementor-widget-wrap elementor-element-populated\">\n\t\t\t\t\t\t<div class=\"elementor-element elementor-element-3191e33 elementor-invisible elementor-widget elementor-widget-heading\" data-id=\"3191e33\" data-element_type=\"widget\" data-e-type=\"widget\" data-settings=\"{&quot;_animation&quot;:&quot;headShake&quot;}\" data-widget_type=\"heading.default\">\n\t\t\t\t<div class=\"elementor-widget-container\">\n\t\t\t\t\t<h4 class=\"elementor-heading-title elementor-size-default\"><a href=\"https:\/\/laguerredelambre.com\/en\/a-partir-dun-grain-de-sable-partie-2\/\">A complex and dual universe<\/a><\/h4>\t\t\t\t<\/div>\n\t\t\t\t<\/div>\n\t\t\t\t<div class=\"elementor-element elementor-element-2025e8e elementor-widget-divider--view-line elementor-widget elementor-widget-divider\" data-id=\"2025e8e\" data-element_type=\"widget\" data-e-type=\"widget\" data-widget_type=\"divider.default\">\n\t\t\t\t<div class=\"elementor-widget-container\">\n\t\t\t\t\t\t\t<div class=\"elementor-divider\">\n\t\t\t<span class=\"elementor-divider-separator\">\n\t\t\t\t\t\t<\/span>\n\t\t<\/div>\n\t\t\t\t\t\t<\/div>\n\t\t\t\t<\/div>\n\t\t\t\t<div class=\"elementor-element elementor-element-4e544eb elementor-widget elementor-widget-image\" data-id=\"4e544eb\" data-element_type=\"widget\" data-e-type=\"widget\" data-widget_type=\"image.default\">\n\t\t\t\t<div class=\"elementor-widget-container\">\n\t\t\t\t\t\t\t\t\t\t\t\t\t\t\t\t<a href=\"https:\/\/laguerredelambre.com\/en\/a-partir-dun-grain-de-sable-partie-2\/\">\n\t\t\t\t\t\t\t<img decoding=\"async\" width=\"1500\" height=\"998\" src=\"https:\/\/laguerredelambre.com\/wp-content\/uploads\/2023\/05\/a_partir_un_grain_sable_2_min.jpg\" class=\"attachment-full size-full wp-image-1896\" alt=\"\u00c0 partir d&#039;un grain de sable Partie 2\" srcset=\"https:\/\/laguerredelambre.com\/wp-content\/uploads\/2023\/05\/a_partir_un_grain_sable_2_min.jpg 1500w, https:\/\/laguerredelambre.com\/wp-content\/uploads\/2023\/05\/a_partir_un_grain_sable_2_min-300x200.jpg 300w, https:\/\/laguerredelambre.com\/wp-content\/uploads\/2023\/05\/a_partir_un_grain_sable_2_min-768x511.jpg 768w, https:\/\/laguerredelambre.com\/wp-content\/uploads\/2023\/05\/a_partir_un_grain_sable_2_min-1024x681.jpg 1024w, https:\/\/laguerredelambre.com\/wp-content\/uploads\/2023\/05\/a_partir_un_grain_sable_2_min-18x12.jpg 18w, https:\/\/laguerredelambre.com\/wp-content\/uploads\/2023\/05\/a_partir_un_grain_sable_2_min-600x399.jpg 600w, https:\/\/laguerredelambre.com\/wp-content\/uploads\/2023\/05\/a_partir_un_grain_sable_2_min-945x629.jpg 945w\" sizes=\"(max-width: 1500px) 100vw, 1500px\" \/>\t\t\t\t\t\t\t\t<\/a>\n\t\t\t\t\t\t\t\t\t\t\t\t\t\t\t<\/div>\n\t\t\t\t<\/div>\n\t\t\t\t\t<\/div>\n\t\t<\/div>\n\t\t\t\t<div class=\"elementor-column elementor-col-33 elementor-top-column elementor-element elementor-element-8b7427c\" data-id=\"8b7427c\" data-element_type=\"column\" data-e-type=\"column\">\n\t\t\t<div class=\"elementor-widget-wrap elementor-element-populated\">\n\t\t\t\t\t\t<div class=\"elementor-element elementor-element-382e05f elementor-invisible elementor-widget elementor-widget-heading\" data-id=\"382e05f\" data-element_type=\"widget\" data-e-type=\"widget\" data-settings=\"{&quot;_animation&quot;:&quot;headShake&quot;}\" data-widget_type=\"heading.default\">\n\t\t\t\t<div class=\"elementor-widget-container\">\n\t\t\t\t\t<h4 class=\"elementor-heading-title elementor-size-default\"><a href=\"https:\/\/laguerredelambre.com\/en\/post-connexion\/\">... to connect within<\/a><\/h4>\t\t\t\t<\/div>\n\t\t\t\t<\/div>\n\t\t\t\t<div class=\"elementor-element elementor-element-02baa76 elementor-widget-divider--view-line elementor-widget elementor-widget-divider\" data-id=\"02baa76\" data-element_type=\"widget\" data-e-type=\"widget\" data-widget_type=\"divider.default\">\n\t\t\t\t<div class=\"elementor-widget-container\">\n\t\t\t\t\t\t\t<div class=\"elementor-divider\">\n\t\t\t<span class=\"elementor-divider-separator\">\n\t\t\t\t\t\t<\/span>\n\t\t<\/div>\n\t\t\t\t\t\t<\/div>\n\t\t\t\t<\/div>\n\t\t\t\t<div class=\"elementor-element elementor-element-a6558d3 elementor-widget elementor-widget-image\" data-id=\"a6558d3\" data-element_type=\"widget\" data-e-type=\"widget\" data-widget_type=\"image.default\">\n\t\t\t\t<div class=\"elementor-widget-container\">\n\t\t\t\t\t\t\t\t\t\t\t\t\t\t\t\t<a href=\"https:\/\/laguerredelambre.com\/en\/post-connexion\/\">\n\t\t\t\t\t\t\t<img loading=\"lazy\" decoding=\"async\" width=\"1280\" height=\"837\" src=\"https:\/\/laguerredelambre.com\/wp-content\/uploads\/2023\/05\/time-ge340ea9d2_1280.jpg\" class=\"attachment-full size-full wp-image-1847\" alt=\"Post Connexion\" srcset=\"https:\/\/laguerredelambre.com\/wp-content\/uploads\/2023\/05\/time-ge340ea9d2_1280.jpg 1280w, https:\/\/laguerredelambre.com\/wp-content\/uploads\/2023\/05\/time-ge340ea9d2_1280-300x196.jpg 300w, https:\/\/laguerredelambre.com\/wp-content\/uploads\/2023\/05\/time-ge340ea9d2_1280-768x502.jpg 768w, https:\/\/laguerredelambre.com\/wp-content\/uploads\/2023\/05\/time-ge340ea9d2_1280-1024x670.jpg 1024w, https:\/\/laguerredelambre.com\/wp-content\/uploads\/2023\/05\/time-ge340ea9d2_1280-18x12.jpg 18w, https:\/\/laguerredelambre.com\/wp-content\/uploads\/2023\/05\/time-ge340ea9d2_1280-600x392.jpg 600w, https:\/\/laguerredelambre.com\/wp-content\/uploads\/2023\/05\/time-ge340ea9d2_1280-945x618.jpg 945w\" sizes=\"(max-width: 1280px) 100vw, 1280px\" \/>\t\t\t\t\t\t\t\t<\/a>\n\t\t\t\t\t\t\t\t\t\t\t\t\t\t\t<\/div>\n\t\t\t\t<\/div>\n\t\t\t\t\t<\/div>\n\t\t<\/div>\n\t\t\t\t\t<\/div>\n\t\t<\/section>\n\t\t\t\t<section class=\"elementor-section elementor-top-section elementor-element elementor-element-8b163fb elementor-section-full_width elementor-section-height-min-height elementor-section-items-stretch elementor-section-height-default\" data-id=\"8b163fb\" data-element_type=\"section\" data-e-type=\"section\" data-settings=\"{&quot;background_background&quot;:&quot;classic&quot;}\">\n\t\t\t\t\t\t<div class=\"elementor-container elementor-column-gap-default\">\n\t\t\t\t\t<div class=\"elementor-column elementor-col-100 elementor-top-column elementor-element elementor-element-6cc58a2\" data-id=\"6cc58a2\" data-element_type=\"column\" data-e-type=\"column\">\n\t\t\t<div class=\"elementor-widget-wrap elementor-element-populated\">\n\t\t\t\t\t\t<section class=\"elementor-section elementor-inner-section elementor-element elementor-element-59353f7 elementor-section-full_width elementor-section-height-min-height elementor-section-height-default\" data-id=\"59353f7\" data-element_type=\"section\" data-e-type=\"section\">\n\t\t\t\t\t\t<div class=\"elementor-container elementor-column-gap-default\">\n\t\t\t\t\t<div class=\"elementor-column elementor-col-50 elementor-inner-column elementor-element elementor-element-559870c\" data-id=\"559870c\" data-element_type=\"column\" data-e-type=\"column\">\n\t\t\t<div class=\"elementor-widget-wrap elementor-element-populated\">\n\t\t\t\t\t\t<div class=\"elementor-element elementor-element-12675e3 elementor-widget-mobile__width-inherit elementor-widget elementor-widget-image\" data-id=\"12675e3\" data-element_type=\"widget\" data-e-type=\"widget\" data-widget_type=\"image.default\">\n\t\t\t\t<div class=\"elementor-widget-container\">\n\t\t\t\t\t\t\t\t\t\t\t\t\t\t\t<img loading=\"lazy\" decoding=\"async\" width=\"676\" height=\"635\" src=\"https:\/\/laguerredelambre.com\/wp-content\/uploads\/2023\/05\/livre-6-min-1024x962.png\" class=\"attachment-large size-large wp-image-1157\" alt=\"\" srcset=\"https:\/\/laguerredelambre.com\/wp-content\/uploads\/2023\/05\/livre-6-min-1024x962.png 1024w, https:\/\/laguerredelambre.com\/wp-content\/uploads\/2023\/05\/livre-6-min-300x282.png 300w, https:\/\/laguerredelambre.com\/wp-content\/uploads\/2023\/05\/livre-6-min-768x721.png 768w, https:\/\/laguerredelambre.com\/wp-content\/uploads\/2023\/05\/livre-6-min-13x12.png 13w, https:\/\/laguerredelambre.com\/wp-content\/uploads\/2023\/05\/livre-6-min-600x563.png 600w, https:\/\/laguerredelambre.com\/wp-content\/uploads\/2023\/05\/livre-6-min-945x887.png 945w, https:\/\/laguerredelambre.com\/wp-content\/uploads\/2023\/05\/livre-6-min.png 1150w\" sizes=\"(max-width: 676px) 100vw, 676px\" \/>\t\t\t\t\t\t\t\t\t\t\t\t\t\t\t<\/div>\n\t\t\t\t<\/div>\n\t\t\t\t\t<\/div>\n\t\t<\/div>\n\t\t\t\t<div class=\"elementor-column elementor-col-50 elementor-inner-column elementor-element elementor-element-12b9e69\" data-id=\"12b9e69\" data-element_type=\"column\" data-e-type=\"column\">\n\t\t\t<div class=\"elementor-widget-wrap elementor-element-populated\">\n\t\t\t\t\t\t<div class=\"elementor-element elementor-element-aacb520 elementor-invisible elementor-widget elementor-widget-heading\" data-id=\"aacb520\" data-element_type=\"widget\" data-e-type=\"widget\" data-settings=\"{&quot;_animation&quot;:&quot;fadeInDown&quot;}\" data-widget_type=\"heading.default\">\n\t\t\t\t<div class=\"elementor-widget-container\">\n\t\t\t\t\t<h3 class=\"elementor-heading-title elementor-size-default\">EXPLORE A FRACTURED WORLD<\/h3>\t\t\t\t<\/div>\n\t\t\t\t<\/div>\n\t\t\t\t<div class=\"elementor-element elementor-element-cca1f2e elementor-invisible elementor-widget elementor-widget-heading\" data-id=\"cca1f2e\" data-element_type=\"widget\" data-e-type=\"widget\" data-settings=\"{&quot;_animation&quot;:&quot;zoomIn&quot;}\" data-widget_type=\"heading.default\">\n\t\t\t\t<div class=\"elementor-widget-container\">\n\t\t\t\t\t<h3 class=\"elementor-heading-title elementor-size-default\">The Amber War<\/h3>\t\t\t\t<\/div>\n\t\t\t\t<\/div>\n\t\t\t\t<div class=\"elementor-element elementor-element-dc56677 elementor-align-center elementor-mobile-align-center elementor-invisible elementor-widget elementor-widget-button\" data-id=\"dc56677\" data-element_type=\"widget\" data-e-type=\"widget\" data-settings=\"{&quot;_animation&quot;:&quot;slideInDown&quot;}\" data-widget_type=\"button.default\">\n\t\t\t\t<div class=\"elementor-widget-container\">\n\t\t\t\t\t\t\t\t\t<div class=\"elementor-button-wrapper\">\n\t\t\t\t\t<a class=\"elementor-button elementor-button-link elementor-size-lg\" href=\"https:\/\/www.amazon.fr\/stores\/Alex-Hyphens\/author\/B0CB3VZW17\">\n\t\t\t\t\t\t<span class=\"elementor-button-content-wrapper\">\n\t\t\t\t\t\t\t\t\t<span class=\"elementor-button-text\">Buy Book<\/span>\n\t\t\t\t\t<\/span>\n\t\t\t\t\t<\/a>\n\t\t\t\t<\/div>\n\t\t\t\t\t\t\t\t<\/div>\n\t\t\t\t<\/div>\n\t\t\t\t\t<\/div>\n\t\t<\/div>\n\t\t\t\t\t<\/div>\n\t\t<\/section>\n\t\t\t\t\t<\/div>\n\t\t<\/div>\n\t\t\t\t\t<\/div>\n\t\t<\/section>\n\t\t\t\t<section class=\"elementor-section elementor-top-section elementor-element elementor-element-3704c47 elementor-section-boxed elementor-section-height-default elementor-section-height-default\" data-id=\"3704c47\" data-element_type=\"section\" data-e-type=\"section\">\n\t\t\t\t\t\t<div class=\"elementor-container elementor-column-gap-default\">\n\t\t\t\t\t<div class=\"elementor-column elementor-col-100 elementor-top-column elementor-element elementor-element-0cf62dd\" data-id=\"0cf62dd\" data-element_type=\"column\" data-e-type=\"column\">\n\t\t\t<div class=\"elementor-widget-wrap elementor-element-populated\">\n\t\t\t\t\t\t<div class=\"elementor-element elementor-element-3711d81 elementor-widget elementor-widget-spacer\" data-id=\"3711d81\" data-element_type=\"widget\" data-e-type=\"widget\" data-widget_type=\"spacer.default\">\n\t\t\t\t<div class=\"elementor-widget-container\">\n\t\t\t\t\t\t\t<div class=\"elementor-spacer\">\n\t\t\t<div class=\"elementor-spacer-inner\"><\/div>\n\t\t<\/div>\n\t\t\t\t\t\t<\/div>\n\t\t\t\t<\/div>\n\t\t\t\t\t<\/div>\n\t\t<\/div>\n\t\t\t\t\t<\/div>\n\t\t<\/section>\n\t\t\t\t<\/div>","protected":false},"excerpt":{"rendered":"<p>\u00a0 Depuis l&rsquo;enfance, je raconte des histoires pour faire r\u00eaver mes camarades, et, plus tard les r\u00f4listes \u00e0 ma table. Puisant mes inspirations dans mes lectures, dans mes escapades contemplatives, comme dans les jeux vid\u00e9o auxquels j&rsquo;ai jou\u00e9, voici\u00a0 \u00ab\u00a0la&#8230; <a class=\"more-link\" href=\"https:\/\/laguerredelambre.com\/en\/alex-hyphens\/\">Continue Reading &rarr;<\/a><\/p>","protected":false},"author":1,"featured_media":0,"parent":0,"menu_order":0,"comment_status":"closed","ping_status":"closed","template":"template-fullwidth.php","meta":{"_monsterinsights_skip_tracking":false,"_monsterinsights_sitenote_active":false,"_monsterinsights_sitenote_note":"","_monsterinsights_sitenote_category":0,"_uf_show_specific_survey":0,"_uf_disable_surveys":false,"_themeisle_gutenberg_block_has_review":false,"footnotes":""},"class_list":["post-3369","page","type-page","status-publish","hentry"],"aioseo_notices":[],"_links":{"self":[{"href":"https:\/\/laguerredelambre.com\/en\/wp-json\/wp\/v2\/pages\/3369","targetHints":{"allow":["GET"]}}],"collection":[{"href":"https:\/\/laguerredelambre.com\/en\/wp-json\/wp\/v2\/pages"}],"about":[{"href":"https:\/\/laguerredelambre.com\/en\/wp-json\/wp\/v2\/types\/page"}],"author":[{"embeddable":true,"href":"https:\/\/laguerredelambre.com\/en\/wp-json\/wp\/v2\/users\/1"}],"replies":[{"embeddable":true,"href":"https:\/\/laguerredelambre.com\/en\/wp-json\/wp\/v2\/comments?post=3369"}],"version-history":[{"count":62,"href":"https:\/\/laguerredelambre.com\/en\/wp-json\/wp\/v2\/pages\/3369\/revisions"}],"predecessor-version":[{"id":4605,"href":"https:\/\/laguerredelambre.com\/en\/wp-json\/wp\/v2\/pages\/3369\/revisions\/4605"}],"wp:attachment":[{"href":"https:\/\/laguerredelambre.com\/en\/wp-json\/wp\/v2\/media?parent=3369"}],"curies":[{"name":"wp","href":"https:\/\/api.w.org\/{rel}","templated":true}]}}