{"id":2275,"date":"2025-01-06T07:00:20","date_gmt":"2025-01-06T06:00:20","guid":{"rendered":"https:\/\/laguerredelambre.com\/?page_id=2275"},"modified":"2025-01-10T09:12:24","modified_gmt":"2025-01-10T08:12:24","slug":"science_fiction_fantasy","status":"publish","type":"page","link":"https:\/\/laguerredelambre.com\/en\/science_fiction_fantasy\/","title":{"rendered":"Science-Fiction-Fantasy"},"content":{"rendered":"<div data-elementor-type=\"wp-page\" data-elementor-id=\"2275\" class=\"elementor elementor-2275\">\n\t\t\t\t\t\t<section class=\"elementor-section elementor-top-section elementor-element elementor-element-5a67673a elementor-section-full_width elementor-section-height-default elementor-section-height-default\" data-id=\"5a67673a\" data-element_type=\"section\" data-e-type=\"section\" data-settings=\"{&quot;background_background&quot;:&quot;classic&quot;}\">\n\t\t\t\t\t\t<div class=\"elementor-container elementor-column-gap-default\">\n\t\t\t\t\t<div class=\"elementor-column elementor-col-100 elementor-top-column elementor-element elementor-element-7c20327 elementor-invisible\" data-id=\"7c20327\" data-element_type=\"column\" data-e-type=\"column\" data-settings=\"{&quot;animation&quot;:&quot;zoomIn&quot;}\">\n\t\t\t<div class=\"elementor-widget-wrap elementor-element-populated\">\n\t\t\t\t\t\t<div class=\"elementor-element elementor-element-65a98d7 animated-slow elementor-invisible elementor-widget elementor-widget-heading\" data-id=\"65a98d7\" data-element_type=\"widget\" data-e-type=\"widget\" data-settings=\"{&quot;_animation&quot;:&quot;fadeInDown&quot;}\" data-widget_type=\"heading.default\">\n\t\t\t\t<div class=\"elementor-widget-container\">\n\t\t\t\t\t<h2 class=\"elementor-heading-title elementor-size-medium\">WHEN SCI-FI... ENCOUNTERS FANTASY<\/h2>\t\t\t\t<\/div>\n\t\t\t\t<\/div>\n\t\t\t\t\t<\/div>\n\t\t<\/div>\n\t\t\t\t\t<\/div>\n\t\t<\/section>\n\t\t\t\t<section class=\"elementor-section elementor-top-section elementor-element elementor-element-c70e852 elementor-section-height-min-height elementor-section-boxed elementor-section-height-default elementor-section-items-middle\" data-id=\"c70e852\" data-element_type=\"section\" data-e-type=\"section\" data-settings=\"{&quot;background_background&quot;:&quot;classic&quot;}\">\n\t\t\t\t\t\t<div class=\"elementor-container elementor-column-gap-narrow\">\n\t\t\t\t\t<div class=\"elementor-column elementor-col-100 elementor-top-column elementor-element elementor-element-6af0361 elementor-invisible\" data-id=\"6af0361\" data-element_type=\"column\" data-e-type=\"column\" data-settings=\"{&quot;animation&quot;:&quot;zoomIn&quot;}\">\n\t\t\t<div class=\"elementor-widget-wrap elementor-element-populated\">\n\t\t\t\t\t\t<div class=\"elementor-element elementor-element-4b0d127 elementor-widget elementor-widget-video\" data-id=\"4b0d127\" data-element_type=\"widget\" data-e-type=\"widget\" data-settings=\"{&quot;video_type&quot;:&quot;hosted&quot;,&quot;controls&quot;:&quot;yes&quot;}\" data-widget_type=\"video.default\">\n\t\t\t\t<div class=\"elementor-widget-container\">\n\t\t\t\t\t\t\t<div class=\"e-hosted-video elementor-wrapper elementor-open-inline\">\n\t\t\t\t\t<video class=\"elementor-video\" src=\"https:\/\/laguerredelambre.com\/wp-content\/uploads\/2024\/05\/La-Scission-trailer-1080-YT.mp4\" controls=\"\" preload=\"metadata\" controlslist=\"nodownload\" poster=\"https:\/\/laguerredelambre.com\/wp-content\/uploads\/2025\/01\/technologie_vs_magie.webp\"><\/video>\n\t\t\t\t<\/div>\n\t\t\t\t\t\t<\/div>\n\t\t\t\t<\/div>\n\t\t\t\t<div class=\"elementor-element elementor-element-903c443 elementor-absolute elementor-hidden-tablet elementor-hidden-mobile elementor-widget elementor-widget-html\" data-id=\"903c443\" data-element_type=\"widget\" data-e-type=\"widget\" data-settings=\"{&quot;_position&quot;:&quot;absolute&quot;}\" data-widget_type=\"html.default\">\n\t\t\t\t<div class=\"elementor-widget-container\">\n\t\t\t\t\t<div style=\"    position:relative;\" class=\"box-fairy2 slowfloat\">\n    \n    <div style=\"    position:absolute;    right:0.5rem;    width:20px;    height:20px;    border-radius:100%;    background:#cefaff; box-shadow: 0px 0px 11px 6px #35ECFF;    \">\n    <\/div>\n    \n     <div style=\"    position:absolute;    right:0;    top:2rem;    width:5px;    height:5px;    border-radius:100%;    background:#cefaff; box-shadow: 0px 0px 11px 6px #35ECFF;    \">\n    <\/div>\n    \n    \n<\/div>\n\n\t\t\t\t<\/div>\n\t\t\t\t<\/div>\n\t\t\t\t<div class=\"elementor-element elementor-element-3c31719 elementor-absolute elementor-hidden-tablet elementor-hidden-mobile elementor-widget elementor-widget-html\" data-id=\"3c31719\" data-element_type=\"widget\" data-e-type=\"widget\" data-settings=\"{&quot;_position&quot;:&quot;absolute&quot;}\" data-widget_type=\"html.default\">\n\t\t\t\t<div class=\"elementor-widget-container\">\n\t\t\t\t\t<div style=\"    position:relative;    \" class=\"box-fairy1 slowfloat\">\n    \n    <div style=\"    position:absolute;    left:0.5rem;    top:3rem;    width:20px;    height:20px;    border-radius:100%;    background:#cefaff; box-shadow: 0px 0px 11px 6px #35ECFF;    \">\n    <\/div>\n\n    \n     <div style=\"    position:absolute;    left:0;    top:2.2rem;    width:10px;    height:10px;    border-radius:100%;    background:#cefaff; box-shadow: 0px 0px 11px 6px #35ECFF;    \">\n    <\/div>\n    \n     <div style=\"    position:absolute;    left:0;    top:1rem;    width:5px;    height:5px;    border-radius:100%;    background:#cefaff; box-shadow: 0px 0px 11px 6px #35ECFF;    \">\n    <\/div>\n    \n    \n<\/div>\n\n\t\t\t\t<\/div>\n\t\t\t\t<\/div>\n\t\t\t\t\t<\/div>\n\t\t<\/div>\n\t\t\t\t\t<\/div>\n\t\t<\/section>\n\t\t\t\t<section class=\"elementor-section elementor-top-section elementor-element elementor-element-3ef1b29 elementor-section-full_width elementor-section-height-default elementor-section-height-default\" data-id=\"3ef1b29\" data-element_type=\"section\" data-e-type=\"section\" data-settings=\"{&quot;background_background&quot;:&quot;classic&quot;}\">\n\t\t\t\t\t\t<div class=\"elementor-container elementor-column-gap-default\">\n\t\t\t\t\t<div class=\"elementor-column elementor-col-100 elementor-top-column elementor-element elementor-element-5a8efd3 elementor-invisible\" data-id=\"5a8efd3\" data-element_type=\"column\" data-e-type=\"column\" data-settings=\"{&quot;animation&quot;:&quot;zoomIn&quot;}\">\n\t\t\t<div class=\"elementor-widget-wrap elementor-element-populated\">\n\t\t\t\t\t\t<div class=\"elementor-element elementor-element-438aef6 animated-slow elementor-invisible elementor-widget elementor-widget-heading\" data-id=\"438aef6\" data-element_type=\"widget\" data-e-type=\"widget\" data-settings=\"{&quot;_animation&quot;:&quot;fadeInLeft&quot;}\" data-widget_type=\"heading.default\">\n\t\t\t\t<div class=\"elementor-widget-container\">\n\t\t\t\t\t<p class=\"elementor-heading-title elementor-size-medium\">Discover the choices of two civilizations that everything opposes<\/p>\t\t\t\t<\/div>\n\t\t\t\t<\/div>\n\t\t\t\t\t<\/div>\n\t\t<\/div>\n\t\t\t\t\t<\/div>\n\t\t<\/section>\n\t\t\t\t<section class=\"elementor-section elementor-top-section elementor-element elementor-element-0a37ba5 elementor-section-full_width elementor-section-height-default elementor-section-height-default\" data-id=\"0a37ba5\" data-element_type=\"section\" data-e-type=\"section\" data-settings=\"{&quot;background_background&quot;:&quot;classic&quot;}\">\n\t\t\t\t\t\t<div class=\"elementor-container elementor-column-gap-default\">\n\t\t\t\t\t<div class=\"elementor-column elementor-col-50 elementor-top-column elementor-element elementor-element-eb964ad\" data-id=\"eb964ad\" data-element_type=\"column\" data-e-type=\"column\">\n\t\t\t<div class=\"elementor-widget-wrap elementor-element-populated\">\n\t\t\t\t\t\t<div class=\"elementor-element elementor-element-4c5dfaf6 elementor-widget elementor-widget-image\" data-id=\"4c5dfaf6\" data-element_type=\"widget\" data-e-type=\"widget\" data-widget_type=\"image.default\">\n\t\t\t\t<div class=\"elementor-widget-container\">\n\t\t\t\t\t\t\t\t\t\t\t\t\t\t\t\t<a href=\"https:\/\/laguerredelambre.com\/en\/trailer-ce-qui-fait-le-heros\/\">\n\t\t\t\t\t\t\t<img fetchpriority=\"high\" decoding=\"async\" width=\"600\" height=\"338\" src=\"https:\/\/laguerredelambre.com\/wp-content\/uploads\/2025\/01\/Sapiens_technologie_cyberpunk-600x338.webp\" class=\"attachment-post-thumbnail size-post-thumbnail wp-image-4764\" alt=\"Acritas cit\u00e9 technologique science-fiction\" srcset=\"https:\/\/laguerredelambre.com\/wp-content\/uploads\/2025\/01\/Sapiens_technologie_cyberpunk-600x338.webp 600w, https:\/\/laguerredelambre.com\/wp-content\/uploads\/2025\/01\/Sapiens_technologie_cyberpunk-300x169.webp 300w, https:\/\/laguerredelambre.com\/wp-content\/uploads\/2025\/01\/Sapiens_technologie_cyberpunk-1024x576.webp 1024w, https:\/\/laguerredelambre.com\/wp-content\/uploads\/2025\/01\/Sapiens_technologie_cyberpunk-768x432.webp 768w, https:\/\/laguerredelambre.com\/wp-content\/uploads\/2025\/01\/Sapiens_technologie_cyberpunk-18x10.webp 18w, https:\/\/laguerredelambre.com\/wp-content\/uploads\/2025\/01\/Sapiens_technologie_cyberpunk-945x532.webp 945w, https:\/\/laguerredelambre.com\/wp-content\/uploads\/2025\/01\/Sapiens_technologie_cyberpunk.webp 1280w\" sizes=\"(max-width: 600px) 100vw, 600px\" \/>\t\t\t\t\t\t\t\t<\/a>\n\t\t\t\t\t\t\t\t\t\t\t\t\t\t\t<\/div>\n\t\t\t\t<\/div>\n\t\t\t\t\t<\/div>\n\t\t<\/div>\n\t\t\t\t<div class=\"elementor-column elementor-col-50 elementor-top-column elementor-element elementor-element-c20cf1a\" data-id=\"c20cf1a\" data-element_type=\"column\" data-e-type=\"column\">\n\t\t\t<div class=\"elementor-widget-wrap elementor-element-populated\">\n\t\t\t\t\t\t<div class=\"elementor-element elementor-element-2e258da2 elementor-widget elementor-widget-image\" data-id=\"2e258da2\" data-element_type=\"widget\" data-e-type=\"widget\" data-widget_type=\"image.default\">\n\t\t\t\t<div class=\"elementor-widget-container\">\n\t\t\t\t\t\t\t\t\t\t\t\t\t\t\t\t<a href=\"https:\/\/laguerredelambre.com\/en\/trailer-retour-au-pays\/\">\n\t\t\t\t\t\t\t<img decoding=\"async\" width=\"600\" height=\"338\" src=\"https:\/\/laguerredelambre.com\/wp-content\/uploads\/2025\/01\/Aessi_magie_arcane-600x338.webp\" class=\"attachment-post-thumbnail size-post-thumbnail wp-image-4763\" alt=\"Ambrosia, cit\u00e9 magique Aessi\" srcset=\"https:\/\/laguerredelambre.com\/wp-content\/uploads\/2025\/01\/Aessi_magie_arcane-600x338.webp 600w, https:\/\/laguerredelambre.com\/wp-content\/uploads\/2025\/01\/Aessi_magie_arcane-300x169.webp 300w, https:\/\/laguerredelambre.com\/wp-content\/uploads\/2025\/01\/Aessi_magie_arcane-1024x576.webp 1024w, https:\/\/laguerredelambre.com\/wp-content\/uploads\/2025\/01\/Aessi_magie_arcane-768x432.webp 768w, https:\/\/laguerredelambre.com\/wp-content\/uploads\/2025\/01\/Aessi_magie_arcane-18x10.webp 18w, https:\/\/laguerredelambre.com\/wp-content\/uploads\/2025\/01\/Aessi_magie_arcane-945x532.webp 945w, https:\/\/laguerredelambre.com\/wp-content\/uploads\/2025\/01\/Aessi_magie_arcane.webp 1280w\" sizes=\"(max-width: 600px) 100vw, 600px\" \/>\t\t\t\t\t\t\t\t<\/a>\n\t\t\t\t\t\t\t\t\t\t\t\t\t\t\t<\/div>\n\t\t\t\t<\/div>\n\t\t\t\t\t<\/div>\n\t\t<\/div>\n\t\t\t\t\t<\/div>\n\t\t<\/section>\n\t\t\t\t<section class=\"elementor-section elementor-top-section elementor-element elementor-element-a436bcf elementor-section-full_width elementor-section-height-default elementor-section-height-default\" data-id=\"a436bcf\" data-element_type=\"section\" data-e-type=\"section\" data-settings=\"{&quot;background_background&quot;:&quot;classic&quot;}\">\n\t\t\t\t\t\t<div class=\"elementor-container elementor-column-gap-default\">\n\t\t\t\t\t<div class=\"elementor-column elementor-col-100 elementor-top-column elementor-element elementor-element-b7b8835 elementor-invisible\" data-id=\"b7b8835\" data-element_type=\"column\" data-e-type=\"column\" data-settings=\"{&quot;animation&quot;:&quot;zoomIn&quot;}\">\n\t\t\t<div class=\"elementor-widget-wrap elementor-element-populated\">\n\t\t\t\t\t\t<div class=\"elementor-element elementor-element-e2d1af7 elementor-invisible elementor-widget elementor-widget-heading\" data-id=\"e2d1af7\" data-element_type=\"widget\" data-e-type=\"widget\" data-settings=\"{&quot;_animation&quot;:&quot;fadeInUp&quot;}\" data-widget_type=\"heading.default\">\n\t\t\t\t<div class=\"elementor-widget-container\">\n\t\t\t\t\t<h2 class=\"elementor-heading-title elementor-size-medium\">A hero is defined by his\/her actions<\/h2>\t\t\t\t<\/div>\n\t\t\t\t<\/div>\n\t\t\t\t\t<\/div>\n\t\t<\/div>\n\t\t\t\t\t<\/div>\n\t\t<\/section>\n\t\t\t\t<\/div>","protected":false},"excerpt":{"rendered":"<p>QUAND LA SCIENCE-FICTION&#8230; RENCONTRE LA FANTASY https:\/\/laguerredelambre.com\/wp-content\/uploads\/2024\/05\/La-Scission-trailer-1080-YT.mp4 D\u00e9couvre les choix de deux civilisations que tout oppose Un h\u00e9ros se d\u00e9finit par ses actes<\/p>","protected":false},"author":1,"featured_media":0,"parent":0,"menu_order":0,"comment_status":"closed","ping_status":"closed","template":"elementor_header_footer","meta":{"_monsterinsights_skip_tracking":false,"_monsterinsights_sitenote_active":false,"_monsterinsights_sitenote_note":"","_monsterinsights_sitenote_category":0,"_uf_show_specific_survey":0,"_uf_disable_surveys":false,"_themeisle_gutenberg_block_has_review":false,"footnotes":""},"class_list":["post-2275","page","type-page","status-publish","hentry"],"aioseo_notices":[],"_links":{"self":[{"href":"https:\/\/laguerredelambre.com\/en\/wp-json\/wp\/v2\/pages\/2275","targetHints":{"allow":["GET"]}}],"collection":[{"href":"https:\/\/laguerredelambre.com\/en\/wp-json\/wp\/v2\/pages"}],"about":[{"href":"https:\/\/laguerredelambre.com\/en\/wp-json\/wp\/v2\/types\/page"}],"author":[{"embeddable":true,"href":"https:\/\/laguerredelambre.com\/en\/wp-json\/wp\/v2\/users\/1"}],"replies":[{"embeddable":true,"href":"https:\/\/laguerredelambre.com\/en\/wp-json\/wp\/v2\/comments?post=2275"}],"version-history":[{"count":224,"href":"https:\/\/laguerredelambre.com\/en\/wp-json\/wp\/v2\/pages\/2275\/revisions"}],"predecessor-version":[{"id":4865,"href":"https:\/\/laguerredelambre.com\/en\/wp-json\/wp\/v2\/pages\/2275\/revisions\/4865"}],"wp:attachment":[{"href":"https:\/\/laguerredelambre.com\/en\/wp-json\/wp\/v2\/media?parent=2275"}],"curies":[{"name":"wp","href":"https:\/\/api.w.org\/{rel}","templated":true}]}}